{"id":2045,"date":"2022-07-21T14:17:11","date_gmt":"2022-07-21T12:17:11","guid":{"rendered":"https:\/\/refuge-mil100.fr\/impressum\/"},"modified":"2024-02-06T15:10:09","modified_gmt":"2024-02-06T14:10:09","slug":"impressum","status":"publish","type":"page","link":"https:\/\/refuge-mil100.fr\/de\/impressum\/","title":{"rendered":"Impressum"},"content":{"rendered":"\t\t<div data-elementor-type=\"wp-page\" data-elementor-id=\"2045\" class=\"elementor elementor-2045 elementor-329\" data-elementor-settings=\"{&quot;element_pack_global_tooltip_width&quot;:{&quot;unit&quot;:&quot;px&quot;,&quot;size&quot;:&quot;&quot;,&quot;sizes&quot;:[]},&quot;element_pack_global_tooltip_width_tablet&quot;:{&quot;unit&quot;:&quot;px&quot;,&quot;size&quot;:&quot;&quot;,&quot;sizes&quot;:[]},&quot;element_pack_global_tooltip_width_mobile&quot;:{&quot;unit&quot;:&quot;px&quot;,&quot;size&quot;:&quot;&quot;,&quot;sizes&quot;:[]},&quot;element_pack_global_tooltip_padding&quot;:{&quot;unit&quot;:&quot;px&quot;,&quot;top&quot;:&quot;&quot;,&quot;right&quot;:&quot;&quot;,&quot;bottom&quot;:&quot;&quot;,&quot;left&quot;:&quot;&quot;,&quot;isLinked&quot;:true},&quot;element_pack_global_tooltip_padding_tablet&quot;:{&quot;unit&quot;:&quot;px&quot;,&quot;top&quot;:&quot;&quot;,&quot;right&quot;:&quot;&quot;,&quot;bottom&quot;:&quot;&quot;,&quot;left&quot;:&quot;&quot;,&quot;isLinked&quot;:true},&quot;element_pack_global_tooltip_padding_mobile&quot;:{&quot;unit&quot;:&quot;px&quot;,&quot;top&quot;:&quot;&quot;,&quot;right&quot;:&quot;&quot;,&quot;bottom&quot;:&quot;&quot;,&quot;left&quot;:&quot;&quot;,&quot;isLinked&quot;:true},&quot;element_pack_global_tooltip_border_radius&quot;:{&quot;unit&quot;:&quot;px&quot;,&quot;top&quot;:&quot;&quot;,&quot;right&quot;:&quot;&quot;,&quot;bottom&quot;:&quot;&quot;,&quot;left&quot;:&quot;&quot;,&quot;isLinked&quot;:true},&quot;element_pack_global_tooltip_border_radius_tablet&quot;:{&quot;unit&quot;:&quot;px&quot;,&quot;top&quot;:&quot;&quot;,&quot;right&quot;:&quot;&quot;,&quot;bottom&quot;:&quot;&quot;,&quot;left&quot;:&quot;&quot;,&quot;isLinked&quot;:true},&quot;element_pack_global_tooltip_border_radius_mobile&quot;:{&quot;unit&quot;:&quot;px&quot;,&quot;top&quot;:&quot;&quot;,&quot;right&quot;:&quot;&quot;,&quot;bottom&quot;:&quot;&quot;,&quot;left&quot;:&quot;&quot;,&quot;isLinked&quot;:true}}\" data-elementor-post-type=\"page\">\n\t\t\t\t\t\t<section class=\"elementor-section elementor-top-section elementor-element elementor-element-30114b8e elementor-section-boxed elementor-section-height-default elementor-section-height-default\" data-id=\"30114b8e\" data-element_type=\"section\" data-e-type=\"section\" data-settings=\"{&quot;background_background&quot;:&quot;classic&quot;,&quot;shape_divider_bottom&quot;:&quot;waves&quot;}\">\n\t\t\t\t\t<div class=\"elementor-shape elementor-shape-bottom\" aria-hidden=\"true\" data-negative=\"false\">\n\t\t\t<svg xmlns=\"http:\/\/www.w3.org\/2000\/svg\" viewBox=\"0 0 1000 100\" preserveAspectRatio=\"none\">\n\t<path class=\"elementor-shape-fill\" d=\"M421.9,6.5c22.6-2.5,51.5,0.4,75.5,5.3c23.6,4.9,70.9,23.5,100.5,35.7c75.8,32.2,133.7,44.5,192.6,49.7\n\tc23.6,2.1,48.7,3.5,103.4-2.5c54.7-6,106.2-25.6,106.2-25.6V0H0v30.3c0,0,72,32.6,158.4,30.5c39.2-0.7,92.8-6.7,134-22.4\n\tc21.2-8.1,52.2-18.2,79.7-24.2C399.3,7.9,411.6,7.5,421.9,6.5z\"\/>\n<\/svg>\t\t<\/div>\n\t\t\t\t\t<div class=\"elementor-container elementor-column-gap-default\">\n\t\t\t\t\t<div class=\"elementor-column elementor-col-100 elementor-top-column elementor-element elementor-element-7d098562\" data-id=\"7d098562\" data-element_type=\"column\" data-e-type=\"column\">\n\t\t\t<div class=\"elementor-widget-wrap elementor-element-populated\">\n\t\t\t\t\t\t\t<\/div>\n\t\t<\/div>\n\t\t\t\t\t<\/div>\n\t\t<\/section>\n\t\t\t\t<section class=\"elementor-section elementor-top-section elementor-element elementor-element-3213e10c elementor-section-boxed elementor-section-height-default elementor-section-height-default\" data-id=\"3213e10c\" data-element_type=\"section\" data-e-type=\"section\">\n\t\t\t\t\t\t<div class=\"elementor-container elementor-column-gap-default\">\n\t\t\t\t\t<div class=\"elementor-column elementor-col-50 elementor-top-column elementor-element elementor-element-7c0603ae\" data-id=\"7c0603ae\" data-element_type=\"column\" data-e-type=\"column\">\n\t\t\t<div class=\"elementor-widget-wrap elementor-element-populated\">\n\t\t\t\t\t\t<div class=\"elementor-element elementor-element-5514c9da elementor-widget elementor-widget-heading\" data-id=\"5514c9da\" data-element_type=\"widget\" data-e-type=\"widget\" data-widget_type=\"heading.default\">\n\t\t\t\t<div class=\"elementor-widget-container\">\n\t\t\t\t\t<h2 class=\"elementor-heading-title elementor-size-default\">Identit\u00e4t des Herausgebers der Website<\/h2>\t\t\t\t<\/div>\n\t\t\t\t<\/div>\n\t\t\t\t<div class=\"elementor-element elementor-element-6caba82e elementor-widget elementor-widget-text-editor\" data-id=\"6caba82e\" data-element_type=\"widget\" data-e-type=\"widget\" data-widget_type=\"text-editor.default\">\n\t\t\t\t<div class=\"elementor-widget-container\">\n\t\t\t\t\t\t\t\t\t<p><b>Refuge Mil100<\/b><\/p>\n<p>9 rue de la Source<br \/>\nZA Sud du Val de Moder<br \/>\n67350 Niedermodern<\/p>\n<p>+33 (0)3 88 07 51 87<br \/>\ninfo@baukom-france.fr<\/p>\n<p>Siret: <strong>839392610<\/strong><span dir=\"ltr\"><b><br \/>\n<\/b><\/span>APE: <strong><br \/>\n<\/strong>Gerichtsstand: <strong>Strasbourg<br \/>\n<\/strong>Umsatzsteueridentifikationsnummer: <strong><br \/>\n<\/strong>Gesch\u00e4ftsf\u00fchrer: <strong>Romain de Pap\u00e9<\/strong><\/p>\n\t\t\t\t\t\t\t\t<\/div>\n\t\t\t\t<\/div>\n\t\t\t\t\t<\/div>\n\t\t<\/div>\n\t\t\t\t<div class=\"elementor-column elementor-col-50 elementor-top-column elementor-element elementor-element-495eab30\" data-id=\"495eab30\" data-element_type=\"column\" data-e-type=\"column\">\n\t\t\t<div class=\"elementor-widget-wrap elementor-element-populated\">\n\t\t\t\t\t\t<section class=\"elementor-section elementor-inner-section elementor-element elementor-element-6fc10a6d elementor-section-boxed elementor-section-height-default elementor-section-height-default\" data-id=\"6fc10a6d\" data-element_type=\"section\" data-e-type=\"section\">\n\t\t\t\t\t\t<div class=\"elementor-container elementor-column-gap-default\">\n\t\t\t\t\t<div class=\"elementor-column elementor-col-100 elementor-inner-column elementor-element elementor-element-2f6fcf73\" data-id=\"2f6fcf73\" data-element_type=\"column\" data-e-type=\"column\">\n\t\t\t<div class=\"elementor-widget-wrap elementor-element-populated\">\n\t\t\t\t\t\t<div class=\"elementor-element elementor-element-786637f7 elementor-widget elementor-widget-heading\" data-id=\"786637f7\" data-element_type=\"widget\" data-e-type=\"widget\" data-widget_type=\"heading.default\">\n\t\t\t\t<div class=\"elementor-widget-container\">\n\t\t\t\t\t<h3 class=\"elementor-heading-title elementor-size-default\">Verantwortlicher Herausgeber<\/h3>\t\t\t\t<\/div>\n\t\t\t\t<\/div>\n\t\t\t\t<div class=\"elementor-element elementor-element-52901658 elementor-widget elementor-widget-text-editor\" data-id=\"52901658\" data-element_type=\"widget\" data-e-type=\"widget\" data-widget_type=\"text-editor.default\">\n\t\t\t\t<div class=\"elementor-widget-container\">\n\t\t\t\t\t\t\t\t\t<p>Der verantwortliche Herausgeber ist <strong>Romain de Pap\u00e9<\/strong><\/p>\n\t\t\t\t\t\t\t\t<\/div>\n\t\t\t\t<\/div>\n\t\t\t\t<div class=\"elementor-element elementor-element-f7aaa56 elementor-widget elementor-widget-heading\" data-id=\"f7aaa56\" data-element_type=\"widget\" data-e-type=\"widget\" data-widget_type=\"heading.default\">\n\t\t\t\t<div class=\"elementor-widget-container\">\n\t\t\t\t\t<h3 class=\"elementor-heading-title elementor-size-default\">Design und Erstellung<\/h3>\t\t\t\t<\/div>\n\t\t\t\t<\/div>\n\t\t\t\t<div class=\"elementor-element elementor-element-79dfabd1 elementor-widget elementor-widget-text-editor\" data-id=\"79dfabd1\" data-element_type=\"widget\" data-e-type=\"widget\" data-widget_type=\"text-editor.default\">\n\t\t\t\t<div class=\"elementor-widget-container\">\n\t\t\t\t\t\t\t\t\t<p>Die Website wurde von der IT-Firma <a href=\"https:\/\/gclicke.com\" target=\"_blank\" rel=\"noopener\"><strong>Gclick\u00e9<\/strong><\/a> erstellt.<\/p>\n<p>Kontakt: Philippe Heit &#8211; <a href=\"mailto:contact@gclicke.com\">contact[@]gclicke.com<\/a><\/p>\n\t\t\t\t\t\t\t\t<\/div>\n\t\t\t\t<\/div>\n\t\t\t\t<div class=\"elementor-element elementor-element-32e6b04c elementor-widget elementor-widget-heading\" data-id=\"32e6b04c\" data-element_type=\"widget\" data-e-type=\"widget\" data-widget_type=\"heading.default\">\n\t\t\t\t<div class=\"elementor-widget-container\">\n\t\t\t\t\t<h3 class=\"elementor-heading-title elementor-size-default\">Herkunft<\/h3>\t\t\t\t<\/div>\n\t\t\t\t<\/div>\n\t\t\t\t<div class=\"elementor-element elementor-element-10d0bf87 elementor-widget elementor-widget-text-editor\" data-id=\"10d0bf87\" data-element_type=\"widget\" data-e-type=\"widget\" data-widget_type=\"text-editor.default\">\n\t\t\t\t<div class=\"elementor-widget-container\">\n\t\t\t\t\t\t\t\t\t<p>Die Website wird von der Firma <a href=\"https:\/\/ovhcloud.com\" target=\"_blank\" rel=\"noopener\">ovh.com<\/a> gehostet, eine Aktiengesellschaft mit einem Kapital von 10.174.560 Euro und Sitz in der 2 rue Kellermann &#8211; 59100 Roubaix &#8211; Frankreich, eingetragen im Handelsregister von Lille M\u00e9tropole unter der Nummer 424 761 419 00045, deren gesetzlicher Vertreter Herr Michel Paulin ist.<\/p>\n\t\t\t\t\t\t\t\t<\/div>\n\t\t\t\t<\/div>\n\t\t\t\t\t<\/div>\n\t\t<\/div>\n\t\t\t\t\t<\/div>\n\t\t<\/section>\n\t\t\t\t\t<\/div>\n\t\t<\/div>\n\t\t\t\t\t<\/div>\n\t\t<\/section>\n\t\t\t\t<section class=\"elementor-section elementor-top-section elementor-element elementor-element-456f7e45 elementor-section-boxed elementor-section-height-default elementor-section-height-default\" data-id=\"456f7e45\" data-element_type=\"section\" data-e-type=\"section\">\n\t\t\t\t\t\t<div class=\"elementor-container elementor-column-gap-default\">\n\t\t\t\t\t<div class=\"elementor-column elementor-col-100 elementor-top-column elementor-element elementor-element-72ed867a\" data-id=\"72ed867a\" data-element_type=\"column\" data-e-type=\"column\">\n\t\t\t<div class=\"elementor-widget-wrap elementor-element-populated\">\n\t\t\t\t\t\t<div class=\"elementor-element elementor-element-646cb04f elementor-widget elementor-widget-heading\" data-id=\"646cb04f\" data-element_type=\"widget\" data-e-type=\"widget\" data-widget_type=\"heading.default\">\n\t\t\t\t<div class=\"elementor-widget-container\">\n\t\t\t\t\t<h2 class=\"elementor-heading-title elementor-size-default\">Datenschutz pers\u00f6nlicher Daten<\/h2>\t\t\t\t<\/div>\n\t\t\t\t<\/div>\n\t\t\t\t<div class=\"elementor-element elementor-element-4806c1fe elementor-widget elementor-widget-text-editor\" data-id=\"4806c1fe\" data-element_type=\"widget\" data-e-type=\"widget\" data-widget_type=\"text-editor.default\">\n\t\t\t\t<div class=\"elementor-widget-container\">\n\t\t\t\t\t\t\t\t\t<p>Die auf der Website gesammelten pers\u00f6nlichen Daten sind ausschlie\u00dflich f\u00fcr die Verwendung von Refuge Mil-100 bestimmt. Gem\u00e4\u00df dem Gesetz \u00fcber Informatik und Freiheiten vom 6. Januar 1978 haben Sie das Recht auf Zugang, Berichtigung und L\u00f6schung der Sie betreffenden Daten. Um dieses Recht auszu\u00fcben, kontaktieren Sie uns bitte unter folgender Adresse: info@refuge-mil100.fr<\/p>\n\t\t\t\t\t\t\t\t<\/div>\n\t\t\t\t<\/div>\n\t\t\t\t<div class=\"elementor-element elementor-element-2447d49c elementor-widget elementor-widget-heading\" data-id=\"2447d49c\" data-element_type=\"widget\" data-e-type=\"widget\" data-widget_type=\"heading.default\">\n\t\t\t\t<div class=\"elementor-widget-container\">\n\t\t\t\t\t<h2 class=\"elementor-heading-title elementor-size-default\">Geistiges Eigentum<\/h2>\t\t\t\t<\/div>\n\t\t\t\t<\/div>\n\t\t\t\t<div class=\"elementor-element elementor-element-7971052d elementor-widget elementor-widget-text-editor\" data-id=\"7971052d\" data-element_type=\"widget\" data-e-type=\"widget\" data-widget_type=\"text-editor.default\">\n\t\t\t\t<div class=\"elementor-widget-container\">\n\t\t\t\t\t\t\t\t\t<p>Der Inhalt dieser Website (Texte, Bilder, Grafiken, Logos, Symbole usw.) ist das ausschlie\u00dfliche Eigentum von Refuge Mil-100 oder seinen Partnern. Jegliche Vervielf\u00e4ltigung, Darstellung, \u00c4nderung, Ver\u00f6ffentlichung, \u00dcbertragung oder Entstellung, ganz oder teilweise, dieser Website oder ihres Inhalts, in welcher Form und auf welchem Tr\u00e4ger auch immer, ist ohne ausdr\u00fcckliche und vorherige Genehmigung von Refuge Mil-100 untersagt.<\/p>\n\t\t\t\t\t\t\t\t<\/div>\n\t\t\t\t<\/div>\n\t\t\t\t<div class=\"elementor-element elementor-element-5b614a50 elementor-widget elementor-widget-heading\" data-id=\"5b614a50\" data-element_type=\"widget\" data-e-type=\"widget\" data-widget_type=\"heading.default\">\n\t\t\t\t<div class=\"elementor-widget-container\">\n\t\t\t\t\t<h2 class=\"elementor-heading-title elementor-size-default\">Haftung<\/h2>\t\t\t\t<\/div>\n\t\t\t\t<\/div>\n\t\t\t\t<div class=\"elementor-element elementor-element-7d7fac68 elementor-widget elementor-widget-text-editor\" data-id=\"7d7fac68\" data-element_type=\"widget\" data-e-type=\"widget\" data-widget_type=\"text-editor.default\">\n\t\t\t\t<div class=\"elementor-widget-container\">\n\t\t\t\t\t\t\t\t\t<p>Das Refuge Mil-100 \u00fcbernimmt keine Verantwortung f\u00fcr die Zuverl\u00e4ssigkeit der auf seiner Website ver\u00f6ffentlichten Informationen. Die Inhalte werden zu Informationszwecken bereitgestellt und k\u00f6nnen ohne vorherige Ank\u00fcndigung ge\u00e4ndert werden. Das Refuge Mil-100 kann auch nicht f\u00fcr Informationsfehler bez\u00fcglich der angebotenen Dienstleistungen oder Leistungen, jeglicher \u00c4nderungen dieser oder Schwankungen der Tarife verantwortlich gemacht werden, einschlie\u00dflich der Mietkosten, der Kaution oder anderer Geb\u00fchren.<\/p>\n<div id=\"gtx-trans\" style=\"position: absolute; left: -483px; top: -10px;\">\n<div class=\"gtx-trans-icon\"><\/div>\n<\/div>\n\t\t\t\t\t\t\t\t<\/div>\n\t\t\t\t<\/div>\n\t\t\t\t<div class=\"elementor-element elementor-element-efa5745 elementor-widget elementor-widget-heading\" data-id=\"efa5745\" data-element_type=\"widget\" data-e-type=\"widget\" data-widget_type=\"heading.default\">\n\t\t\t\t<div class=\"elementor-widget-container\">\n\t\t\t\t\t<h2 class=\"elementor-heading-title elementor-size-default\">Anwendbares Recht<\/h2>\t\t\t\t<\/div>\n\t\t\t\t<\/div>\n\t\t\t\t<div class=\"elementor-element elementor-element-15c50e26 elementor-widget elementor-widget-text-editor\" data-id=\"15c50e26\" data-element_type=\"widget\" data-e-type=\"widget\" data-widget_type=\"text-editor.default\">\n\t\t\t\t<div class=\"elementor-widget-container\">\n\t\t\t\t\t\t\t\t\t<p>Diese Website unterliegt dem franz\u00f6sischen Recht. Diese rechtlichen Hinweise k\u00f6nnen jederzeit und ohne vorherige Ank\u00fcndigung ge\u00e4ndert werden.<\/p>\n\t\t\t\t\t\t\t\t<\/div>\n\t\t\t\t<\/div>\n\t\t\t\t\t<\/div>\n\t\t<\/div>\n\t\t\t\t\t<\/div>\n\t\t<\/section>\n\t\t\t\t<section class=\"elementor-section elementor-top-section elementor-element elementor-element-6e96cb32 elementor-section-boxed elementor-section-height-default elementor-section-height-default\" data-id=\"6e96cb32\" data-element_type=\"section\" data-e-type=\"section\">\n\t\t\t\t\t\t<div class=\"elementor-container elementor-column-gap-default\">\n\t\t\t\t\t<div class=\"elementor-column elementor-col-100 elementor-top-column elementor-element elementor-element-3a663aba\" data-id=\"3a663aba\" data-element_type=\"column\" data-e-type=\"column\">\n\t\t\t<div class=\"elementor-widget-wrap elementor-element-populated\">\n\t\t\t\t\t\t<div class=\"elementor-element elementor-element-2e072d73 elementor-align-center elementor-widget elementor-widget-button\" data-id=\"2e072d73\" data-element_type=\"widget\" data-e-type=\"widget\" data-widget_type=\"button.default\">\n\t\t\t\t<div class=\"elementor-widget-container\">\n\t\t\t\t\t\t\t\t\t<div class=\"elementor-button-wrapper\">\n\t\t\t\t\t<a class=\"elementor-button elementor-button-link elementor-size-xs\" href=\"https:\/\/refuge-mil100.fr\/de\/datenschutzrichtlinie\/\">\n\t\t\t\t\t\t<span class=\"elementor-button-content-wrapper\">\n\t\t\t\t\t\t\t\t\t<span class=\"elementor-button-text\">Datenschutzrichtlinie anzeigen<\/span>\n\t\t\t\t\t<\/span>\n\t\t\t\t\t<\/a>\n\t\t\t\t<\/div>\n\t\t\t\t\t\t\t\t<\/div>\n\t\t\t\t<\/div>\n\t\t\t\t\t<\/div>\n\t\t<\/div>\n\t\t\t\t\t<\/div>\n\t\t<\/section>\n\t\t\t\t<\/div>\n\t\t","protected":false},"excerpt":{"rendered":"<p>Identit\u00e4t des Herausgebers der Website Refuge Mil100 9 rue de la Source ZA Sud du Val de Moder 67350 Niedermodern +33 (0)3 88 07 51 87 info@baukom-france.fr Siret: 839392610 APE: Gerichtsstand: Strasbourg Umsatzsteueridentifikationsnummer: Gesch\u00e4ftsf\u00fchrer: Romain de Pap\u00e9 Verantwortlicher Herausgeber Der verantwortliche Herausgeber ist Romain de Pap\u00e9 Design und Erstellung Die Website wurde von der IT-Firma [&hellip;]<\/p>\n","protected":false},"author":1,"featured_media":0,"parent":0,"menu_order":0,"comment_status":"closed","ping_status":"closed","template":"","meta":{"footnotes":""},"class_list":["post-2045","page","type-page","status-publish","hentry"],"yoast_head":"<!-- This site is optimized with the Yoast SEO plugin v27.3 - https:\/\/yoast.com\/product\/yoast-seo-wordpress\/ -->\n<title>Impressum - Refuge Mil100<\/title>\n<meta name=\"robots\" content=\"index, follow, max-snippet:-1, max-image-preview:large, max-video-preview:-1\" \/>\n<link rel=\"canonical\" href=\"https:\/\/refuge-mil100.fr\/mentions-legales\/\" \/>\n<meta property=\"og:locale\" content=\"de_DE\" \/>\n<meta property=\"og:type\" content=\"article\" \/>\n<meta property=\"og:title\" content=\"Impressum - Refuge Mil100\" \/>\n<meta property=\"og:description\" content=\"Identit\u00e4t des Herausgebers der Website Refuge Mil100 9 rue de la Source ZA Sud du Val de Moder 67350 Niedermodern +33 (0)3 88 07 51 87 info@baukom-france.fr Siret: 839392610 APE: Gerichtsstand: Strasbourg Umsatzsteueridentifikationsnummer: Gesch\u00e4ftsf\u00fchrer: Romain de Pap\u00e9 Verantwortlicher Herausgeber Der verantwortliche Herausgeber ist Romain de Pap\u00e9 Design und Erstellung Die Website wurde von der IT-Firma [&hellip;]\" \/>\n<meta property=\"og:url\" content=\"https:\/\/refuge-mil100.fr\/mentions-legales\/\" \/>\n<meta property=\"og:site_name\" content=\"Refuge Mil100\" \/>\n<meta property=\"article:modified_time\" content=\"2024-02-06T14:10:09+00:00\" \/>\n<meta name=\"twitter:card\" content=\"summary_large_image\" \/>\n<meta name=\"twitter:label1\" content=\"Gesch\u00e4tzte Lesezeit\" \/>\n\t<meta name=\"twitter:data1\" content=\"2\u00a0Minuten\" \/>\n<script type=\"application\/ld+json\" class=\"yoast-schema-graph\">{\"@context\":\"https:\\\/\\\/schema.org\",\"@graph\":[{\"@type\":\"WebPage\",\"@id\":\"https:\\\/\\\/refuge-mil100.fr\\\/mentions-legales\\\/\",\"url\":\"https:\\\/\\\/refuge-mil100.fr\\\/mentions-legales\\\/\",\"name\":\"Impressum - Refuge Mil100\",\"isPartOf\":{\"@id\":\"https:\\\/\\\/refuge-mil100.fr\\\/#website\"},\"datePublished\":\"2022-07-21T12:17:11+00:00\",\"dateModified\":\"2024-02-06T14:10:09+00:00\",\"breadcrumb\":{\"@id\":\"https:\\\/\\\/refuge-mil100.fr\\\/mentions-legales\\\/#breadcrumb\"},\"inLanguage\":\"de\",\"potentialAction\":[{\"@type\":\"ReadAction\",\"target\":[\"https:\\\/\\\/refuge-mil100.fr\\\/mentions-legales\\\/\"]}]},{\"@type\":\"BreadcrumbList\",\"@id\":\"https:\\\/\\\/refuge-mil100.fr\\\/mentions-legales\\\/#breadcrumb\",\"itemListElement\":[{\"@type\":\"ListItem\",\"position\":1,\"name\":\"Accueil\",\"item\":\"https:\\\/\\\/refuge-mil100.fr\\\/\"},{\"@type\":\"ListItem\",\"position\":2,\"name\":\"Impressum\"}]},{\"@type\":\"WebSite\",\"@id\":\"https:\\\/\\\/refuge-mil100.fr\\\/#website\",\"url\":\"https:\\\/\\\/refuge-mil100.fr\\\/\",\"name\":\"Refuge Mil100\",\"description\":\"Chalet Spa priv\u00e9 haut de gamme dans les Vosges\",\"publisher\":{\"@id\":\"https:\\\/\\\/refuge-mil100.fr\\\/#organization\"},\"potentialAction\":[{\"@type\":\"SearchAction\",\"target\":{\"@type\":\"EntryPoint\",\"urlTemplate\":\"https:\\\/\\\/refuge-mil100.fr\\\/?s={search_term_string}\"},\"query-input\":{\"@type\":\"PropertyValueSpecification\",\"valueRequired\":true,\"valueName\":\"search_term_string\"}}],\"inLanguage\":\"de\"},{\"@type\":\"Organization\",\"@id\":\"https:\\\/\\\/refuge-mil100.fr\\\/#organization\",\"name\":\"Refuge Mil100\",\"url\":\"https:\\\/\\\/refuge-mil100.fr\\\/\",\"logo\":{\"@type\":\"ImageObject\",\"inLanguage\":\"de\",\"@id\":\"https:\\\/\\\/refuge-mil100.fr\\\/#\\\/schema\\\/logo\\\/image\\\/\",\"url\":\"https:\\\/\\\/refuge-mil100.fr\\\/wp-content\\\/uploads\\\/2022\\\/07\\\/mil100-logo-dark.svg\",\"contentUrl\":\"https:\\\/\\\/refuge-mil100.fr\\\/wp-content\\\/uploads\\\/2022\\\/07\\\/mil100-logo-dark.svg\",\"width\":1672,\"height\":779,\"caption\":\"Refuge Mil100\"},\"image\":{\"@id\":\"https:\\\/\\\/refuge-mil100.fr\\\/#\\\/schema\\\/logo\\\/image\\\/\"}}]}<\/script>\n<!-- \/ Yoast SEO plugin. -->","yoast_head_json":{"title":"Impressum - Refuge Mil100","robots":{"index":"index","follow":"follow","max-snippet":"max-snippet:-1","max-image-preview":"max-image-preview:large","max-video-preview":"max-video-preview:-1"},"canonical":"https:\/\/refuge-mil100.fr\/mentions-legales\/","og_locale":"de_DE","og_type":"article","og_title":"Impressum - Refuge Mil100","og_description":"Identit\u00e4t des Herausgebers der Website Refuge Mil100 9 rue de la Source ZA Sud du Val de Moder 67350 Niedermodern +33 (0)3 88 07 51 87 info@baukom-france.fr Siret: 839392610 APE: Gerichtsstand: Strasbourg Umsatzsteueridentifikationsnummer: Gesch\u00e4ftsf\u00fchrer: Romain de Pap\u00e9 Verantwortlicher Herausgeber Der verantwortliche Herausgeber ist Romain de Pap\u00e9 Design und Erstellung Die Website wurde von der IT-Firma [&hellip;]","og_url":"https:\/\/refuge-mil100.fr\/mentions-legales\/","og_site_name":"Refuge Mil100","article_modified_time":"2024-02-06T14:10:09+00:00","twitter_card":"summary_large_image","twitter_misc":{"Gesch\u00e4tzte Lesezeit":"2\u00a0Minuten"},"schema":{"@context":"https:\/\/schema.org","@graph":[{"@type":"WebPage","@id":"https:\/\/refuge-mil100.fr\/mentions-legales\/","url":"https:\/\/refuge-mil100.fr\/mentions-legales\/","name":"Impressum - Refuge Mil100","isPartOf":{"@id":"https:\/\/refuge-mil100.fr\/#website"},"datePublished":"2022-07-21T12:17:11+00:00","dateModified":"2024-02-06T14:10:09+00:00","breadcrumb":{"@id":"https:\/\/refuge-mil100.fr\/mentions-legales\/#breadcrumb"},"inLanguage":"de","potentialAction":[{"@type":"ReadAction","target":["https:\/\/refuge-mil100.fr\/mentions-legales\/"]}]},{"@type":"BreadcrumbList","@id":"https:\/\/refuge-mil100.fr\/mentions-legales\/#breadcrumb","itemListElement":[{"@type":"ListItem","position":1,"name":"Accueil","item":"https:\/\/refuge-mil100.fr\/"},{"@type":"ListItem","position":2,"name":"Impressum"}]},{"@type":"WebSite","@id":"https:\/\/refuge-mil100.fr\/#website","url":"https:\/\/refuge-mil100.fr\/","name":"Refuge Mil100","description":"Chalet Spa priv\u00e9 haut de gamme dans les Vosges","publisher":{"@id":"https:\/\/refuge-mil100.fr\/#organization"},"potentialAction":[{"@type":"SearchAction","target":{"@type":"EntryPoint","urlTemplate":"https:\/\/refuge-mil100.fr\/?s={search_term_string}"},"query-input":{"@type":"PropertyValueSpecification","valueRequired":true,"valueName":"search_term_string"}}],"inLanguage":"de"},{"@type":"Organization","@id":"https:\/\/refuge-mil100.fr\/#organization","name":"Refuge Mil100","url":"https:\/\/refuge-mil100.fr\/","logo":{"@type":"ImageObject","inLanguage":"de","@id":"https:\/\/refuge-mil100.fr\/#\/schema\/logo\/image\/","url":"https:\/\/refuge-mil100.fr\/wp-content\/uploads\/2022\/07\/mil100-logo-dark.svg","contentUrl":"https:\/\/refuge-mil100.fr\/wp-content\/uploads\/2022\/07\/mil100-logo-dark.svg","width":1672,"height":779,"caption":"Refuge Mil100"},"image":{"@id":"https:\/\/refuge-mil100.fr\/#\/schema\/logo\/image\/"}}]}},"_links":{"self":[{"href":"https:\/\/refuge-mil100.fr\/de\/wp-json\/wp\/v2\/pages\/2045","targetHints":{"allow":["GET"]}}],"collection":[{"href":"https:\/\/refuge-mil100.fr\/de\/wp-json\/wp\/v2\/pages"}],"about":[{"href":"https:\/\/refuge-mil100.fr\/de\/wp-json\/wp\/v2\/types\/page"}],"author":[{"embeddable":true,"href":"https:\/\/refuge-mil100.fr\/de\/wp-json\/wp\/v2\/users\/1"}],"replies":[{"embeddable":true,"href":"https:\/\/refuge-mil100.fr\/de\/wp-json\/wp\/v2\/comments?post=2045"}],"version-history":[{"count":2,"href":"https:\/\/refuge-mil100.fr\/de\/wp-json\/wp\/v2\/pages\/2045\/revisions"}],"predecessor-version":[{"id":2393,"href":"https:\/\/refuge-mil100.fr\/de\/wp-json\/wp\/v2\/pages\/2045\/revisions\/2393"}],"wp:attachment":[{"href":"https:\/\/refuge-mil100.fr\/de\/wp-json\/wp\/v2\/media?parent=2045"}],"curies":[{"name":"wp","href":"https:\/\/api.w.org\/{rel}","templated":true}]}}