{"id":2043,"date":"2022-06-15T14:18:49","date_gmt":"2022-06-15T12:18:49","guid":{"rendered":"https:\/\/refuge-mil100.fr\/datenschutzrichtlinie\/"},"modified":"2023-08-15T12:47:53","modified_gmt":"2023-08-15T10:47:53","slug":"datenschutzrichtlinie","status":"publish","type":"page","link":"https:\/\/refuge-mil100.fr\/de\/datenschutzrichtlinie\/","title":{"rendered":"Datenschutzrichtlinie"},"content":{"rendered":"\t\t<div data-elementor-type=\"wp-page\" data-elementor-id=\"2043\" class=\"elementor elementor-2043 elementor-3\" data-elementor-settings=\"{&quot;element_pack_global_tooltip_width&quot;:{&quot;unit&quot;:&quot;px&quot;,&quot;size&quot;:&quot;&quot;,&quot;sizes&quot;:[]},&quot;element_pack_global_tooltip_width_tablet&quot;:{&quot;unit&quot;:&quot;px&quot;,&quot;size&quot;:&quot;&quot;,&quot;sizes&quot;:[]},&quot;element_pack_global_tooltip_width_mobile&quot;:{&quot;unit&quot;:&quot;px&quot;,&quot;size&quot;:&quot;&quot;,&quot;sizes&quot;:[]},&quot;element_pack_global_tooltip_padding&quot;:{&quot;unit&quot;:&quot;px&quot;,&quot;top&quot;:&quot;&quot;,&quot;right&quot;:&quot;&quot;,&quot;bottom&quot;:&quot;&quot;,&quot;left&quot;:&quot;&quot;,&quot;isLinked&quot;:true},&quot;element_pack_global_tooltip_padding_tablet&quot;:{&quot;unit&quot;:&quot;px&quot;,&quot;top&quot;:&quot;&quot;,&quot;right&quot;:&quot;&quot;,&quot;bottom&quot;:&quot;&quot;,&quot;left&quot;:&quot;&quot;,&quot;isLinked&quot;:true},&quot;element_pack_global_tooltip_padding_mobile&quot;:{&quot;unit&quot;:&quot;px&quot;,&quot;top&quot;:&quot;&quot;,&quot;right&quot;:&quot;&quot;,&quot;bottom&quot;:&quot;&quot;,&quot;left&quot;:&quot;&quot;,&quot;isLinked&quot;:true},&quot;element_pack_global_tooltip_border_radius&quot;:{&quot;unit&quot;:&quot;px&quot;,&quot;top&quot;:&quot;&quot;,&quot;right&quot;:&quot;&quot;,&quot;bottom&quot;:&quot;&quot;,&quot;left&quot;:&quot;&quot;,&quot;isLinked&quot;:true},&quot;element_pack_global_tooltip_border_radius_tablet&quot;:{&quot;unit&quot;:&quot;px&quot;,&quot;top&quot;:&quot;&quot;,&quot;right&quot;:&quot;&quot;,&quot;bottom&quot;:&quot;&quot;,&quot;left&quot;:&quot;&quot;,&quot;isLinked&quot;:true},&quot;element_pack_global_tooltip_border_radius_mobile&quot;:{&quot;unit&quot;:&quot;px&quot;,&quot;top&quot;:&quot;&quot;,&quot;right&quot;:&quot;&quot;,&quot;bottom&quot;:&quot;&quot;,&quot;left&quot;:&quot;&quot;,&quot;isLinked&quot;:true}}\" data-elementor-post-type=\"page\">\n\t\t\t\t\t\t<section class=\"elementor-section elementor-top-section elementor-element elementor-element-6daaa72a elementor-section-boxed elementor-section-height-default elementor-section-height-default\" data-id=\"6daaa72a\" data-element_type=\"section\" data-e-type=\"section\" data-settings=\"{&quot;background_background&quot;:&quot;classic&quot;,&quot;shape_divider_bottom&quot;:&quot;waves&quot;}\">\n\t\t\t\t\t<div class=\"elementor-shape elementor-shape-bottom\" aria-hidden=\"true\" data-negative=\"false\">\n\t\t\t<svg xmlns=\"http:\/\/www.w3.org\/2000\/svg\" viewBox=\"0 0 1000 100\" preserveAspectRatio=\"none\">\n\t<path class=\"elementor-shape-fill\" d=\"M421.9,6.5c22.6-2.5,51.5,0.4,75.5,5.3c23.6,4.9,70.9,23.5,100.5,35.7c75.8,32.2,133.7,44.5,192.6,49.7\n\tc23.6,2.1,48.7,3.5,103.4-2.5c54.7-6,106.2-25.6,106.2-25.6V0H0v30.3c0,0,72,32.6,158.4,30.5c39.2-0.7,92.8-6.7,134-22.4\n\tc21.2-8.1,52.2-18.2,79.7-24.2C399.3,7.9,411.6,7.5,421.9,6.5z\"\/>\n<\/svg>\t\t<\/div>\n\t\t\t\t\t<div class=\"elementor-container elementor-column-gap-default\">\n\t\t\t\t\t<div class=\"elementor-column elementor-col-100 elementor-top-column elementor-element elementor-element-58ea0876\" data-id=\"58ea0876\" data-element_type=\"column\" data-e-type=\"column\">\n\t\t\t<div class=\"elementor-widget-wrap elementor-element-populated\">\n\t\t\t\t\t\t\t<\/div>\n\t\t<\/div>\n\t\t\t\t\t<\/div>\n\t\t<\/section>\n\t\t\t\t<section class=\"elementor-section elementor-top-section elementor-element elementor-element-7c2c52a9 elementor-section-boxed elementor-section-height-default elementor-section-height-default\" data-id=\"7c2c52a9\" data-element_type=\"section\" data-e-type=\"section\">\n\t\t\t\t\t\t<div class=\"elementor-container elementor-column-gap-default\">\n\t\t\t\t\t<div class=\"elementor-column elementor-col-100 elementor-top-column elementor-element elementor-element-39136c1d\" data-id=\"39136c1d\" data-element_type=\"column\" data-e-type=\"column\">\n\t\t\t<div class=\"elementor-widget-wrap elementor-element-populated\">\n\t\t\t\t\t\t<div class=\"elementor-element elementor-element-a0ef96c elementor-widget elementor-widget-text-editor\" data-id=\"a0ef96c\" data-element_type=\"widget\" data-e-type=\"widget\" data-widget_type=\"text-editor.default\">\n\t\t\t\t<div class=\"elementor-widget-container\">\n\t\t\t\t\t\t\t\t\tLetzte Aktualisierung: 4. August 2023\r\n\r\nRefuge Mil-100, erreichbar unter <a href='https:\/\/refuge-mil100.fr\/'>https:\/\/refuge-mil100.fr\/<\/a>, ist ein privates Anwesen zur Vermietung, im Besitz von Herrn Romain de Pap\u00e9. Der Herausgeber ist Herr Romain de Pap\u00e9.\r\n\r\n<h3>Datenerhebung und -nutzung<\/h3>\r\nWir verwenden Google Analytics, um den Verkehr auf unserer Website zu quantifizieren. Google Analytics ist ein Webanalyse-Dienst, der den Website-Verkehr verfolgt und Berichte dar\u00fcber erstellt. Google verwendet die gesammelten Daten, um die Nutzung unserer Website zu verfolgen und zu \u00fcberwachen. Diese Daten werden mit anderen Google-Diensten geteilt. Google kann die gesammelten Daten verwenden, um Anzeigen seines eigenen Werbenetzwerks zu kontextualisieren und anzupassen.\r\n<h3>Ihre Datenschutzrechte<\/h3>\r\nGem\u00e4\u00df der Datenschutz-Grundverordnung (DSGVO) haben Sie das Recht:\r\n<ul>\r\n \t<li>Zugang zu Ihren personenbezogenen Daten zu verlangen.<\/li>\r\n \t<li>Die Berichtigung Ihrer personenbezogenen Daten zu verlangen, falls sie ungenau sind.<\/li>\r\n \t<li>Die L\u00f6schung Ihrer personenbezogenen Daten zu verlangen.<\/li>\r\n \t<li>Der Verarbeitung Ihrer personenbezogenen Daten zu widersprechen.<\/li>\r\n \t<li>Die Einschr\u00e4nkung der Verarbeitung Ihrer personenbezogenen Daten zu verlangen.<\/li>\r\n \t<li>Die \u00dcbertragbarkeit Ihrer personenbezogenen Daten zu verlangen.<\/li>\r\n<\/ul>\r\nWenn Sie eines dieser Rechte aus\u00fcben m\u00f6chten, kontaktieren Sie uns bitte unter der am Ende dieser Datenschutzerkl\u00e4rung angegebenen E-Mail-Adresse.\r\n<h3>Datensicherheit<\/h3>\r\nDie Sicherheit Ihrer Daten ist uns wichtig. Wir verwenden Sicherheitsma\u00dfnahmen, um Ihre pers\u00f6nlichen Informationen vor unbefugtem Zugriff, Offenlegung, \u00c4nderung oder Zerst\u00f6rung zu sch\u00fctzen.\r\n<h3>Nutzungsbedingungen der Website<\/h3>\r\nDie Nutzung der Website <a href='https:\/\/refuge-mil100.fr\/'>https:\/\/refuge-mil100.fr\/<\/a> impliziert die vollst\u00e4ndige Akzeptanz der nachstehend beschriebenen Nutzungsbedingungen. Diese Nutzungsbedingungen k\u00f6nnen jederzeit ohne Vorank\u00fcndigung ge\u00e4ndert oder erg\u00e4nzt werden. Benutzer der Website werden daher gebeten, sie regelm\u00e4\u00dfig zu \u00fcberpr\u00fcfen.\r\n<h3>Geistiges Eigentum und F\u00e4lschungen<\/h3>\r\nRefuge Mil-100 besitzt die geistigen Eigentumsrechte und die Nutzungsrechte an allen auf der Website zug\u00e4nglichen Elementen, einschlie\u00dflich Texten, Bildern, Grafiken, Logos, Icons, Kl\u00e4ngen, Software. Jegliche Vervielf\u00e4ltigung, Darstellung, \u00c4nderung, Ver\u00f6ffentlichung, Anpassung ganz oder teilweise der Elemente der Website, ungeachtet des verwendeten Mittels oder Verfahrens, ist ohne vorherige schriftliche Genehmigung von: Acad\u00e9mie de la Hauteur untersagt.\r\n<h3>Haftungsbeschr\u00e4nkungen<\/h3>\r\nAcad\u00e9mie de la Hauteur kann nicht f\u00fcr direkte oder indirekte Fehler haftbar gemacht werden, die trotz der Sorgfalt, die bei der Erstellung und regelm\u00e4\u00dfigen Aktualisierung auf der Website aufgebracht wurde, bestehen bleiben k\u00f6nnten. Alle auf der Website angegebenen Informationen dienen nur zu Informationszwecken und k\u00f6nnen sich \u00e4ndern.\r\n<h3>Anwendbares Recht und Zust\u00e4ndigkeit<\/h3>\r\nJeder Streit in Zusammenhang mit der Nutzung der Website unterliegt franz\u00f6sischem Recht. Die ausschlie\u00dfliche Zust\u00e4ndigkeit liegt bei den zust\u00e4ndigen Gerichten von Paris.\r\n<h3>Datenschutz personenbezogener Daten<\/h3>\r\nIn Frankreich sind personenbezogene Daten insbesondere durch das Gesetz Nr. 78-87 vom 6. Januar 1978, das Gesetz Nr. 2004-801 vom 6. August 2004, Artikel L. 226-13 des Strafgesetzbuchs und die Europ\u00e4ische Richtlinie vom 24. Oktober 1995 sowie die Datenschutz-Grundverordnung (DSGVO) gesch\u00fctzt.\r\nWir respektieren diese Vorschriften und treffen alle notwendigen Vorkehrungen, um die Sicherheit Ihrer pers\u00f6nlichen Informationen zu gew\u00e4hrleisten. Weitere Informationen zum Schutz personenbezogener Daten finden Sie auch auf der Website der Commission Informatique et Libert\u00e9 (<a href='http:\/\/www.cnil.fr\/' target='_new' rel='nofollow noopener'>www.cnil.fr<\/a>).\r\n\r\n<h3>\u00c4nderungen dieser Datenschutzerkl\u00e4rung<\/h3>\r\nWir k\u00f6nnen unsere Datenschutzrichtlinie von Zeit zu Zeit aktualisieren. Wir informieren Sie \u00fcber \u00c4nderungen, indem wir das Datum der \u201eletzten Aktualisierung\u201c oben in dieser Datenschutzerkl\u00e4rung aktualisieren.\r\n<h3>Kontakt<\/h3>\r\nWenn Sie Fragen zu dieser Datenschutzerkl\u00e4rung haben, kontaktieren Sie uns bitte:\r\n<ul>\r\n \t<li>Per E-Mail: contact@refuge-mil100.fr<\/li>\r\n<\/ul>\t\t\t\t\t\t\t\t<\/div>\n\t\t\t\t<\/div>\n\t\t\t\t\t<\/div>\n\t\t<\/div>\n\t\t\t\t\t<\/div>\n\t\t<\/section>\n\t\t\t\t<\/div>\n\t\t","protected":false},"excerpt":{"rendered":"<p>Letzte Aktualisierung: 4. August 2023 Refuge Mil-100, erreichbar unter https:\/\/refuge-mil100.fr\/, ist ein privates Anwesen zur Vermietung, im Besitz von Herrn Romain de Pap\u00e9. Der Herausgeber ist Herr Romain de Pap\u00e9. Datenerhebung und -nutzung Wir verwenden Google Analytics, um den Verkehr auf unserer Website zu quantifizieren. Google Analytics ist ein Webanalyse-Dienst, der den Website-Verkehr verfolgt und [&hellip;]<\/p>\n","protected":false},"author":1,"featured_media":0,"parent":0,"menu_order":0,"comment_status":"closed","ping_status":"closed","template":"","meta":{"footnotes":""},"class_list":["post-2043","page","type-page","status-publish","hentry"],"yoast_head":"<!-- This site is optimized with the Yoast SEO plugin v27.3 - https:\/\/yoast.com\/product\/yoast-seo-wordpress\/ -->\n<title>Datenschutzrichtlinie - Refuge Mil100<\/title>\n<meta name=\"robots\" content=\"index, follow, max-snippet:-1, max-image-preview:large, max-video-preview:-1\" \/>\n<link rel=\"canonical\" href=\"https:\/\/refuge-mil100.fr\/politique-de-confidentialite\/\" \/>\n<meta property=\"og:locale\" content=\"de_DE\" \/>\n<meta property=\"og:type\" content=\"article\" \/>\n<meta property=\"og:title\" content=\"Datenschutzrichtlinie - Refuge Mil100\" \/>\n<meta property=\"og:description\" content=\"Letzte Aktualisierung: 4. August 2023 Refuge Mil-100, erreichbar unter https:\/\/refuge-mil100.fr\/, ist ein privates Anwesen zur Vermietung, im Besitz von Herrn Romain de Pap\u00e9. Der Herausgeber ist Herr Romain de Pap\u00e9. Datenerhebung und -nutzung Wir verwenden Google Analytics, um den Verkehr auf unserer Website zu quantifizieren. Google Analytics ist ein Webanalyse-Dienst, der den Website-Verkehr verfolgt und [&hellip;]\" \/>\n<meta property=\"og:url\" content=\"https:\/\/refuge-mil100.fr\/politique-de-confidentialite\/\" \/>\n<meta property=\"og:site_name\" content=\"Refuge Mil100\" \/>\n<meta property=\"article:modified_time\" content=\"2023-08-15T10:47:53+00:00\" \/>\n<meta name=\"twitter:card\" content=\"summary_large_image\" \/>\n<meta name=\"twitter:label1\" content=\"Gesch\u00e4tzte Lesezeit\" \/>\n\t<meta name=\"twitter:data1\" content=\"3\u00a0Minuten\" \/>\n<script type=\"application\/ld+json\" class=\"yoast-schema-graph\">{\"@context\":\"https:\\\/\\\/schema.org\",\"@graph\":[{\"@type\":\"WebPage\",\"@id\":\"https:\\\/\\\/refuge-mil100.fr\\\/politique-de-confidentialite\\\/\",\"url\":\"https:\\\/\\\/refuge-mil100.fr\\\/politique-de-confidentialite\\\/\",\"name\":\"Datenschutzrichtlinie - Refuge Mil100\",\"isPartOf\":{\"@id\":\"https:\\\/\\\/refuge-mil100.fr\\\/#website\"},\"datePublished\":\"2022-06-15T12:18:49+00:00\",\"dateModified\":\"2023-08-15T10:47:53+00:00\",\"breadcrumb\":{\"@id\":\"https:\\\/\\\/refuge-mil100.fr\\\/politique-de-confidentialite\\\/#breadcrumb\"},\"inLanguage\":\"de\",\"potentialAction\":[{\"@type\":\"ReadAction\",\"target\":[\"https:\\\/\\\/refuge-mil100.fr\\\/politique-de-confidentialite\\\/\"]}]},{\"@type\":\"BreadcrumbList\",\"@id\":\"https:\\\/\\\/refuge-mil100.fr\\\/politique-de-confidentialite\\\/#breadcrumb\",\"itemListElement\":[{\"@type\":\"ListItem\",\"position\":1,\"name\":\"Accueil\",\"item\":\"https:\\\/\\\/refuge-mil100.fr\\\/\"},{\"@type\":\"ListItem\",\"position\":2,\"name\":\"Datenschutzrichtlinie\"}]},{\"@type\":\"WebSite\",\"@id\":\"https:\\\/\\\/refuge-mil100.fr\\\/#website\",\"url\":\"https:\\\/\\\/refuge-mil100.fr\\\/\",\"name\":\"Refuge Mil100\",\"description\":\"Chalet Spa priv\u00e9 haut de gamme dans les Vosges\",\"publisher\":{\"@id\":\"https:\\\/\\\/refuge-mil100.fr\\\/#organization\"},\"potentialAction\":[{\"@type\":\"SearchAction\",\"target\":{\"@type\":\"EntryPoint\",\"urlTemplate\":\"https:\\\/\\\/refuge-mil100.fr\\\/?s={search_term_string}\"},\"query-input\":{\"@type\":\"PropertyValueSpecification\",\"valueRequired\":true,\"valueName\":\"search_term_string\"}}],\"inLanguage\":\"de\"},{\"@type\":\"Organization\",\"@id\":\"https:\\\/\\\/refuge-mil100.fr\\\/#organization\",\"name\":\"Refuge Mil100\",\"url\":\"https:\\\/\\\/refuge-mil100.fr\\\/\",\"logo\":{\"@type\":\"ImageObject\",\"inLanguage\":\"de\",\"@id\":\"https:\\\/\\\/refuge-mil100.fr\\\/#\\\/schema\\\/logo\\\/image\\\/\",\"url\":\"https:\\\/\\\/refuge-mil100.fr\\\/wp-content\\\/uploads\\\/2022\\\/07\\\/mil100-logo-dark.svg\",\"contentUrl\":\"https:\\\/\\\/refuge-mil100.fr\\\/wp-content\\\/uploads\\\/2022\\\/07\\\/mil100-logo-dark.svg\",\"width\":1672,\"height\":779,\"caption\":\"Refuge Mil100\"},\"image\":{\"@id\":\"https:\\\/\\\/refuge-mil100.fr\\\/#\\\/schema\\\/logo\\\/image\\\/\"}}]}<\/script>\n<!-- \/ Yoast SEO plugin. -->","yoast_head_json":{"title":"Datenschutzrichtlinie - Refuge Mil100","robots":{"index":"index","follow":"follow","max-snippet":"max-snippet:-1","max-image-preview":"max-image-preview:large","max-video-preview":"max-video-preview:-1"},"canonical":"https:\/\/refuge-mil100.fr\/politique-de-confidentialite\/","og_locale":"de_DE","og_type":"article","og_title":"Datenschutzrichtlinie - Refuge Mil100","og_description":"Letzte Aktualisierung: 4. August 2023 Refuge Mil-100, erreichbar unter https:\/\/refuge-mil100.fr\/, ist ein privates Anwesen zur Vermietung, im Besitz von Herrn Romain de Pap\u00e9. Der Herausgeber ist Herr Romain de Pap\u00e9. Datenerhebung und -nutzung Wir verwenden Google Analytics, um den Verkehr auf unserer Website zu quantifizieren. Google Analytics ist ein Webanalyse-Dienst, der den Website-Verkehr verfolgt und [&hellip;]","og_url":"https:\/\/refuge-mil100.fr\/politique-de-confidentialite\/","og_site_name":"Refuge Mil100","article_modified_time":"2023-08-15T10:47:53+00:00","twitter_card":"summary_large_image","twitter_misc":{"Gesch\u00e4tzte Lesezeit":"3\u00a0Minuten"},"schema":{"@context":"https:\/\/schema.org","@graph":[{"@type":"WebPage","@id":"https:\/\/refuge-mil100.fr\/politique-de-confidentialite\/","url":"https:\/\/refuge-mil100.fr\/politique-de-confidentialite\/","name":"Datenschutzrichtlinie - Refuge Mil100","isPartOf":{"@id":"https:\/\/refuge-mil100.fr\/#website"},"datePublished":"2022-06-15T12:18:49+00:00","dateModified":"2023-08-15T10:47:53+00:00","breadcrumb":{"@id":"https:\/\/refuge-mil100.fr\/politique-de-confidentialite\/#breadcrumb"},"inLanguage":"de","potentialAction":[{"@type":"ReadAction","target":["https:\/\/refuge-mil100.fr\/politique-de-confidentialite\/"]}]},{"@type":"BreadcrumbList","@id":"https:\/\/refuge-mil100.fr\/politique-de-confidentialite\/#breadcrumb","itemListElement":[{"@type":"ListItem","position":1,"name":"Accueil","item":"https:\/\/refuge-mil100.fr\/"},{"@type":"ListItem","position":2,"name":"Datenschutzrichtlinie"}]},{"@type":"WebSite","@id":"https:\/\/refuge-mil100.fr\/#website","url":"https:\/\/refuge-mil100.fr\/","name":"Refuge Mil100","description":"Chalet Spa priv\u00e9 haut de gamme dans les Vosges","publisher":{"@id":"https:\/\/refuge-mil100.fr\/#organization"},"potentialAction":[{"@type":"SearchAction","target":{"@type":"EntryPoint","urlTemplate":"https:\/\/refuge-mil100.fr\/?s={search_term_string}"},"query-input":{"@type":"PropertyValueSpecification","valueRequired":true,"valueName":"search_term_string"}}],"inLanguage":"de"},{"@type":"Organization","@id":"https:\/\/refuge-mil100.fr\/#organization","name":"Refuge Mil100","url":"https:\/\/refuge-mil100.fr\/","logo":{"@type":"ImageObject","inLanguage":"de","@id":"https:\/\/refuge-mil100.fr\/#\/schema\/logo\/image\/","url":"https:\/\/refuge-mil100.fr\/wp-content\/uploads\/2022\/07\/mil100-logo-dark.svg","contentUrl":"https:\/\/refuge-mil100.fr\/wp-content\/uploads\/2022\/07\/mil100-logo-dark.svg","width":1672,"height":779,"caption":"Refuge Mil100"},"image":{"@id":"https:\/\/refuge-mil100.fr\/#\/schema\/logo\/image\/"}}]}},"_links":{"self":[{"href":"https:\/\/refuge-mil100.fr\/de\/wp-json\/wp\/v2\/pages\/2043","targetHints":{"allow":["GET"]}}],"collection":[{"href":"https:\/\/refuge-mil100.fr\/de\/wp-json\/wp\/v2\/pages"}],"about":[{"href":"https:\/\/refuge-mil100.fr\/de\/wp-json\/wp\/v2\/types\/page"}],"author":[{"embeddable":true,"href":"https:\/\/refuge-mil100.fr\/de\/wp-json\/wp\/v2\/users\/1"}],"replies":[{"embeddable":true,"href":"https:\/\/refuge-mil100.fr\/de\/wp-json\/wp\/v2\/comments?post=2043"}],"version-history":[{"count":0,"href":"https:\/\/refuge-mil100.fr\/de\/wp-json\/wp\/v2\/pages\/2043\/revisions"}],"wp:attachment":[{"href":"https:\/\/refuge-mil100.fr\/de\/wp-json\/wp\/v2\/media?parent=2043"}],"curies":[{"name":"wp","href":"https:\/\/api.w.org\/{rel}","templated":true}]}}